{"id":23,"date":"2018-12-19T23:26:09","date_gmt":"2018-12-19T23:26:09","guid":{"rendered":"https:\/\/filtercontrolperu.com\/?page_id=23"},"modified":"2021-04-02T22:16:50","modified_gmt":"2021-04-02T22:16:50","slug":"mangas-filtrantes","status":"publish","type":"page","link":"https:\/\/filtercontrolperu.com\/index.php\/mangas-filtrantes\/","title":{"rendered":"Mangas Filtrantes"},"content":{"rendered":"<ul>\n<li>\n<h2>MicroSentry HTF Series Filter Bag &#8211; SHELCO FILTERS<\/h2>\n<\/li>\n<\/ul>\n<p><img loading=\"lazy\" decoding=\"async\" class=\"alignnone wp-image-289\" src=\"http:\/\/filtercontrolperu.com\/wp-content\/uploads\/2019\/03\/shelco-bag-300x83.png\" alt=\"\" width=\"1057\" height=\"292\" srcset=\"https:\/\/filtercontrolperu.com\/wp-content\/uploads\/2019\/03\/shelco-bag-300x83.png 300w, https:\/\/filtercontrolperu.com\/wp-content\/uploads\/2019\/03\/shelco-bag-768x212.png 768w, https:\/\/filtercontrolperu.com\/wp-content\/uploads\/2019\/03\/shelco-bag.png 894w\" sizes=\"(max-width: 1057px) 100vw, 1057px\" \/><\/p>\n<div class=\"ezcol ezcol-two-third\">\n<h4>Mangas<\/h4>\n<ul>\n<li><span class=\"\">Las bolsas filtrantes son dise\u00f1adas para procesos de separaci\u00f3n, retenci\u00f3n de part\u00edculas e impurezas.<\/span><\/li>\n<li>Fabricadas en Polipropileno, poliester, nylon.<\/li>\n<li>Diferentes presentaciones micrajes.<\/li>\n<li>Desde 1 a 1500 micras.<\/li>\n<li>Certificacion FDA USA.<\/li>\n<\/ul>\n<\/div> <div class=\"ezcol ezcol-one-third ezcol-last\">\n<h4><span class=\"\">Aplicaciones T\u00edpicas<\/span><\/h4>\n<ul>\n<li>Tratamiento de agua<\/li>\n<li>Alimentos y bebidas<\/li>\n<li>Qu\u00edmicos<\/li>\n<li>Pinturas<\/li>\n<li>Resinas<\/li>\n<\/ul>\n<\/div><div class=\"ezcol-divider\"><\/div><\/p>\n<p><a href=\"https:\/\/shelco.com\/wp-content\/uploads\/2015\/07\/HTF.pdf\"><img loading=\"lazy\" decoding=\"async\" class=\"aligncenter wp-image-276\" src=\"http:\/\/filtercontrolperu.com\/wp-content\/uploads\/2019\/03\/descarga-300x95.jpg\" alt=\"\" width=\"221\" height=\"70\" srcset=\"https:\/\/filtercontrolperu.com\/wp-content\/uploads\/2019\/03\/descarga-300x95.jpg 300w, https:\/\/filtercontrolperu.com\/wp-content\/uploads\/2019\/03\/descarga.jpg 399w\" sizes=\"(max-width: 221px) 100vw, 221px\" \/><\/a><\/p>\n<p><img loading=\"lazy\" decoding=\"async\" class=\"alignnone wp-image-409 size-full\" src=\"http:\/\/filtercontrolperu.com\/wp-content\/uploads\/2020\/07\/contactos-e1617401663822.jpg\" alt=\"\" width=\"1108\" height=\"160\" srcset=\"https:\/\/filtercontrolperu.com\/wp-content\/uploads\/2020\/07\/contactos-e1617401663822.jpg 1108w, https:\/\/filtercontrolperu.com\/wp-content\/uploads\/2020\/07\/contactos-e1617401663822-300x43.jpg 300w, https:\/\/filtercontrolperu.com\/wp-content\/uploads\/2020\/07\/contactos-e1617401663822-768x111.jpg 768w, https:\/\/filtercontrolperu.com\/wp-content\/uploads\/2020\/07\/contactos-e1617401663822-1024x148.jpg 1024w\" sizes=\"(max-width: 1108px) 100vw, 1108px\" \/><\/p>\n","protected":false},"excerpt":{"rendered":"<p>MicroSentry HTF Series Filter Bag &#8211; SHELCO FILTERS<\/p>\n","protected":false},"author":1,"featured_media":0,"parent":0,"menu_order":0,"comment_status":"closed","ping_status":"closed","template":"","meta":{"footnotes":""},"_links":{"self":[{"href":"https:\/\/filtercontrolperu.com\/index.php\/wp-json\/wp\/v2\/pages\/23"}],"collection":[{"href":"https:\/\/filtercontrolperu.com\/index.php\/wp-json\/wp\/v2\/pages"}],"about":[{"href":"https:\/\/filtercontrolperu.com\/index.php\/wp-json\/wp\/v2\/types\/page"}],"author":[{"embeddable":true,"href":"https:\/\/filtercontrolperu.com\/index.php\/wp-json\/wp\/v2\/users\/1"}],"replies":[{"embeddable":true,"href":"https:\/\/filtercontrolperu.com\/index.php\/wp-json\/wp\/v2\/comments?post=23"}],"version-history":[{"count":9,"href":"https:\/\/filtercontrolperu.com\/index.php\/wp-json\/wp\/v2\/pages\/23\/revisions"}],"predecessor-version":[{"id":470,"href":"https:\/\/filtercontrolperu.com\/index.php\/wp-json\/wp\/v2\/pages\/23\/revisions\/470"}],"wp:attachment":[{"href":"https:\/\/filtercontrolperu.com\/index.php\/wp-json\/wp\/v2\/media?parent=23"}],"curies":[{"name":"wp","href":"https:\/\/api.w.org\/{rel}","templated":true}]}}