{"id":259,"date":"2019-03-08T21:41:49","date_gmt":"2019-03-08T21:41:49","guid":{"rendered":"https:\/\/filtercontrolperu.com\/?page_id=259"},"modified":"2021-04-12T21:58:15","modified_gmt":"2021-04-12T21:58:15","slug":"industrias","status":"publish","type":"page","link":"https:\/\/filtercontrolperu.com\/index.php\/industrias\/","title":{"rendered":"Industrias"},"content":{"rendered":"<p><img loading=\"lazy\" decoding=\"async\" class=\"alignnone wp-image-267\" src=\"http:\/\/filtercontrolperu.com\/wp-content\/uploads\/2019\/03\/INDUSTRIASLL-300x62.png\" alt=\"\" width=\"1441\" height=\"299\" srcset=\"https:\/\/filtercontrolperu.com\/wp-content\/uploads\/2019\/03\/INDUSTRIASLL-300x62.png 300w, https:\/\/filtercontrolperu.com\/wp-content\/uploads\/2019\/03\/INDUSTRIASLL-768x160.png 768w, https:\/\/filtercontrolperu.com\/wp-content\/uploads\/2019\/03\/INDUSTRIASLL-1024x213.png 1024w, https:\/\/filtercontrolperu.com\/wp-content\/uploads\/2019\/03\/INDUSTRIASLL.png 1255w\" sizes=\"(max-width: 1441px) 100vw, 1441px\" \/><\/p>\n<ul>\n<li>\n<h2>Cartucho Filtrante GRU-V GLOBAL FILTER &#8211; USA<\/h2>\n<\/li>\n<\/ul>\n<h2><img loading=\"lazy\" decoding=\"async\" class=\"aligncenter wp-image-473 size-full\" src=\"http:\/\/filtercontrolperu.com\/wp-content\/uploads\/2021\/04\/gruv-global-filter.png\" alt=\"\" width=\"995\" height=\"284\" srcset=\"https:\/\/filtercontrolperu.com\/wp-content\/uploads\/2021\/04\/gruv-global-filter.png 995w, https:\/\/filtercontrolperu.com\/wp-content\/uploads\/2021\/04\/gruv-global-filter-300x86.png 300w, https:\/\/filtercontrolperu.com\/wp-content\/uploads\/2021\/04\/gruv-global-filter-768x219.png 768w\" sizes=\"(max-width: 995px) 100vw, 995px\" \/><\/h2>\n<div class=\"ezcol ezcol-two-third\">\n<h4>GRU-V<\/h4>\n<ul>\n<li><span class=\"\">Cartuchos filtrantes resina Fenolica<\/span><\/li>\n<li>Superficie exterior ranurada para mayor superficie<\/li>\n<li>Amplia compatibilidad qu\u00edmica<\/li>\n<li>Envoltura externa de algod\u00f3n para ayudar en el manejo y proteger la superficie<\/li>\n<li style=\"text-align: left;\">Disponibles de 0.5 hasta 150 micras<\/li>\n<\/ul>\n<\/div> <div class=\"ezcol ezcol-one-third ezcol-last\">\n<h4><span class=\"\">Aplicaciones T\u00edpicas<\/span><\/h4>\n<ul>\n<li>Pinturas<\/li>\n<li>Tintas<\/li>\n<li>Selladores<\/li>\n<li>Adhesivos<\/li>\n<li>Lacas<\/li>\n<li>Barnices<\/li>\n<li>Aceites de combustibles<\/li>\n<li>Grasa<\/li>\n<li>Refrigerantes<\/li>\n<li>Anticongelantes<\/li>\n<li>Aceites animales<\/li>\n<\/ul>\n<\/div><div class=\"ezcol-divider\"><\/div><\/p>\n<p><a href=\"https:\/\/www.globalfilter.com\/wp-content\/uploads\/2020\/09\/GRU-V-Series-Resin-Bonded-DS-021921.pdf\"><img loading=\"lazy\" decoding=\"async\" class=\"aligncenter wp-image-276\" src=\"http:\/\/filtercontrolperu.com\/wp-content\/uploads\/2019\/03\/descarga-300x95.jpg\" alt=\"\" width=\"221\" height=\"70\" srcset=\"https:\/\/filtercontrolperu.com\/wp-content\/uploads\/2019\/03\/descarga-300x95.jpg 300w, https:\/\/filtercontrolperu.com\/wp-content\/uploads\/2019\/03\/descarga.jpg 399w\" sizes=\"(max-width: 221px) 100vw, 221px\" \/><\/a><\/p>\n<ul>\n<li>\n<h2>Cartucho Filtrante TefTEC&#x2122; Graver Technologies &#8211; USA<\/h2>\n<\/li>\n<\/ul>\n<h2><img loading=\"lazy\" decoding=\"async\" class=\"wp-image-274 aligncenter\" src=\"http:\/\/filtercontrolperu.com\/wp-content\/uploads\/2019\/03\/TEFTEC-300x72.png\" alt=\"\" width=\"1333\" height=\"320\" srcset=\"https:\/\/filtercontrolperu.com\/wp-content\/uploads\/2019\/03\/TEFTEC-300x72.png 300w, https:\/\/filtercontrolperu.com\/wp-content\/uploads\/2019\/03\/TEFTEC-768x183.png 768w, https:\/\/filtercontrolperu.com\/wp-content\/uploads\/2019\/03\/TEFTEC.png 897w\" sizes=\"(max-width: 1333px) 100vw, 1333px\" \/><\/h2>\n<div class=\"ezcol ezcol-two-third\">\n<h4>TefTEC&#x2122;<\/h4>\n<ul>\n<li><span class=\"\">Cartuchos filtrantes est\u00e1n construidos con membrana PTFE hidrofobica, ideal para ventilaci\u00f3n de tanques.<\/span><\/li>\n<li>Eliminaci\u00f3n bacteriana demostrada en el aire con un nivel de aerosol 107 Brevundimonas diminuta\/10&#8243; cartucho.<\/li>\n<li>Fabricados en clean room ISO clase 7<\/li>\n<li>Certificaciones: USP, FDA<\/li>\n<\/ul>\n<\/div> <div class=\"ezcol ezcol-one-third ezcol-last\">\n<h4><\/h4>\n<h4><span class=\"\">Aplicaciones T\u00edpicas<\/span><\/h4>\n<ul>\n<li>Venteo tanques<\/li>\n<li>Solventes<\/li>\n<li>Gases comprimidos<\/li>\n<li>Acidos<\/li>\n<\/ul>\n<\/div><div class=\"ezcol-divider\"><\/div><\/p>\n<h2 style=\"text-align: center;\"><a href=\"https:\/\/www.gravertech.com\/product-lines\/liquid-process-filters\/membrane-filters\/teftec-v-series\/teftec-v-series-data-sheet\/\"><img loading=\"lazy\" decoding=\"async\" class=\"alignnone wp-image-276\" src=\"http:\/\/filtercontrolperu.com\/wp-content\/uploads\/2019\/03\/descarga-300x95.jpg\" alt=\"\" width=\"221\" height=\"70\" srcset=\"https:\/\/filtercontrolperu.com\/wp-content\/uploads\/2019\/03\/descarga-300x95.jpg 300w, https:\/\/filtercontrolperu.com\/wp-content\/uploads\/2019\/03\/descarga.jpg 399w\" sizes=\"(max-width: 221px) 100vw, 221px\" \/><\/a><\/h2>\n<ul>\n<li>\n<h2>Cartucho Filtrante Coax&#x2122; Graver Technologies &#8211; USA<\/h2>\n<\/li>\n<\/ul>\n<h2><img loading=\"lazy\" decoding=\"async\" class=\"wp-image-309 aligncenter\" src=\"http:\/\/filtercontrolperu.com\/wp-content\/uploads\/2019\/06\/coax-bannrr-300x86.png\" alt=\"\" width=\"945\" height=\"271\" srcset=\"https:\/\/filtercontrolperu.com\/wp-content\/uploads\/2019\/06\/coax-bannrr-300x86.png 300w, https:\/\/filtercontrolperu.com\/wp-content\/uploads\/2019\/06\/coax-bannrr-768x219.png 768w, https:\/\/filtercontrolperu.com\/wp-content\/uploads\/2019\/06\/coax-bannrr.png 995w\" sizes=\"(max-width: 945px) 100vw, 945px\" \/><\/h2>\n<div class=\"ezcol ezcol-two-third\">\n<h4>Coax Series<\/h4>\n<ul>\n<li>filtro de profundidad de zona dual<\/li>\n<li><span class=\"goog-text-highlight\">zona no tejido exterior atrapa part\u00edculas m\u00e1s gruesas<\/span><\/li>\n<li>zona interior tiene fibras de polipropileno \/ polietileno de dos componentes para la retenci\u00f3n de part\u00edculas finas<\/li>\n<li>Construcci\u00f3n r\u00edgida resiste la migraci\u00f3n medios de comunicaci\u00f3n y la descarga de part\u00edculas<\/li>\n<li>Beta 10\/90% de eficiencia en notas marcadas de 0,5 a 25 micras<\/li>\n<\/ul>\n<\/div> <div class=\"ezcol ezcol-one-third ezcol-last\">\n<h4><\/h4>\n<h4><span class=\"\">Aplicaciones T\u00edpicas<\/span><\/h4>\n<ul>\n<li>Jarabe de ma\u00edz<\/li>\n<li><span class=\"\">revestimientos<\/span><\/li>\n<li>lechadas magn\u00e9ticos<\/li>\n<li>Pintar<\/li>\n<li>aceites de corte<\/li>\n<\/ul>\n<\/div><div class=\"ezcol-divider\"><\/div><\/p>\n<h2 style=\"text-align: center;\"><a href=\"https:\/\/www.gravertech.com\/product-lines\/liquid-process-filters\/depth-filters\/coax-series\/coax-series\/\"><img loading=\"lazy\" decoding=\"async\" class=\"alignnone wp-image-276\" src=\"http:\/\/filtercontrolperu.com\/wp-content\/uploads\/2019\/03\/descarga-300x95.jpg\" alt=\"\" width=\"221\" height=\"70\" srcset=\"https:\/\/filtercontrolperu.com\/wp-content\/uploads\/2019\/03\/descarga-300x95.jpg 300w, https:\/\/filtercontrolperu.com\/wp-content\/uploads\/2019\/03\/descarga.jpg 399w\" sizes=\"(max-width: 221px) 100vw, 221px\" \/><\/a><\/h2>\n","protected":false},"excerpt":{"rendered":"<p>Cartucho Filtrante GRU-V GLOBAL FILTER &#8211; USA Cartucho Filtrante TefTEC&#x2122; Graver Technologies &#8211; USA Cartucho Filtrante Coax&#x2122; Graver Technologies &#8211; USA<\/p>\n","protected":false},"author":1,"featured_media":0,"parent":0,"menu_order":0,"comment_status":"closed","ping_status":"closed","template":"","meta":{"footnotes":""},"_links":{"self":[{"href":"https:\/\/filtercontrolperu.com\/index.php\/wp-json\/wp\/v2\/pages\/259"}],"collection":[{"href":"https:\/\/filtercontrolperu.com\/index.php\/wp-json\/wp\/v2\/pages"}],"about":[{"href":"https:\/\/filtercontrolperu.com\/index.php\/wp-json\/wp\/v2\/types\/page"}],"author":[{"embeddable":true,"href":"https:\/\/filtercontrolperu.com\/index.php\/wp-json\/wp\/v2\/users\/1"}],"replies":[{"embeddable":true,"href":"https:\/\/filtercontrolperu.com\/index.php\/wp-json\/wp\/v2\/comments?post=259"}],"version-history":[{"count":14,"href":"https:\/\/filtercontrolperu.com\/index.php\/wp-json\/wp\/v2\/pages\/259\/revisions"}],"predecessor-version":[{"id":481,"href":"https:\/\/filtercontrolperu.com\/index.php\/wp-json\/wp\/v2\/pages\/259\/revisions\/481"}],"wp:attachment":[{"href":"https:\/\/filtercontrolperu.com\/index.php\/wp-json\/wp\/v2\/media?parent=259"}],"curies":[{"name":"wp","href":"https:\/\/api.w.org\/{rel}","templated":true}]}}