{"id":318,"date":"2020-02-04T19:17:23","date_gmt":"2020-02-04T19:17:23","guid":{"rendered":"https:\/\/filtercontrolperu.com\/?page_id=318"},"modified":"2020-02-04T20:14:49","modified_gmt":"2020-02-04T20:14:49","slug":"cartuchos-filtrantes-encordados","status":"publish","type":"page","link":"https:\/\/filtercontrolperu.com\/index.php\/cartuchos-filtrantes-encordados\/","title":{"rendered":"Cartuchos Filtrantes Encordados"},"content":{"rendered":"<p>&nbsp;<\/p>\n<ul>\n<li>\n<h2>Cartuchos\u00a0 filtrante \u00a0de profundidad Encordado de la serie G<\/h2>\n<\/li>\n<\/ul>\n<p><img loading=\"lazy\" decoding=\"async\" class=\"alignnone  wp-image-328\" src=\"http:\/\/filtercontrolperu.com\/wp-content\/uploads\/2020\/02\/G-SERIES-WOUND-300x83.png\" alt=\"\" width=\"1041\" height=\"288\" srcset=\"https:\/\/filtercontrolperu.com\/wp-content\/uploads\/2020\/02\/G-SERIES-WOUND-300x83.png 300w, https:\/\/filtercontrolperu.com\/wp-content\/uploads\/2020\/02\/G-SERIES-WOUND-768x212.png 768w, https:\/\/filtercontrolperu.com\/wp-content\/uploads\/2020\/02\/G-SERIES-WOUND.png 894w\" sizes=\"(max-width: 1041px) 100vw, 1041px\" \/><\/p>\n<p>&nbsp;<\/p>\n<div class=\"ezcol ezcol-two-third\">\n<h4>Encordados G SERIES WOUND<\/h4>\n<ul>\n<li>Disponible en una amplia variedad de longitudes y clasificaciones de micras de 9.75 a 50 pulgadas y 0.5-400.<\/li>\n<li>Materiales para todas las aplicaciones, incluyendo: FDA polipropileno, FDA algod\u00f3n blanqueado, algod\u00f3n natural, poli\u00e9ster, nylon y vidrio.<\/li>\n<li>N\u00facleo en : polipropileno, 304 y Acero inoxidable 316, esta\u00f1o y vidrio.<\/li>\n<\/ul>\n<\/div> <div class=\"ezcol ezcol-one-third ezcol-last\">\n<h4><span class=\"\">Aplicaciones T\u00edpicas<\/span><\/h4>\n<ul>\n<li>Productos qu\u00edmicos<\/li>\n<li>Farmac\u00e9utico<\/li>\n<li>Productos de consumo<\/li>\n<li>Fotogr\u00e1fico<\/li>\n<li>Alimentos y bebidas<\/li>\n<li>Soluciones de revestimiento<\/li>\n<li>Aceites comestibles<\/li>\n<li>pinturas<\/li>\n<li>Agua<\/li>\n<li>Tintas<\/li>\n<li>Tratamiento de desechos<\/li>\n<li>Petroqu\u00edmicos<\/li>\n<\/ul>\n<\/div><div class=\"ezcol-divider\"><\/div><\/p>\n<p>&nbsp;<\/p>\n<p><a href=\"https:\/\/4ea61625un9q3qhhc33s2py2-wpengine.netdna-ssl.com\/wp-content\/uploads\/2019\/09\/G-Series-Wound-122319.pdf\"><img loading=\"lazy\" decoding=\"async\" class=\"aligncenter wp-image-276\" src=\"http:\/\/filtercontrolperu.com\/wp-content\/uploads\/2019\/03\/descarga-300x95.jpg\" alt=\"\" width=\"221\" height=\"70\" srcset=\"https:\/\/filtercontrolperu.com\/wp-content\/uploads\/2019\/03\/descarga-300x95.jpg 300w, https:\/\/filtercontrolperu.com\/wp-content\/uploads\/2019\/03\/descarga.jpg 399w\" sizes=\"(max-width: 221px) 100vw, 221px\" \/><\/a><\/p>\n","protected":false},"excerpt":{"rendered":"<p>&nbsp; Cartuchos\u00a0 filtrante \u00a0de profundidad Encordado de la serie G &nbsp; &nbsp;<\/p>\n","protected":false},"author":1,"featured_media":0,"parent":0,"menu_order":0,"comment_status":"closed","ping_status":"closed","template":"","meta":{"footnotes":""},"_links":{"self":[{"href":"https:\/\/filtercontrolperu.com\/index.php\/wp-json\/wp\/v2\/pages\/318"}],"collection":[{"href":"https:\/\/filtercontrolperu.com\/index.php\/wp-json\/wp\/v2\/pages"}],"about":[{"href":"https:\/\/filtercontrolperu.com\/index.php\/wp-json\/wp\/v2\/types\/page"}],"author":[{"embeddable":true,"href":"https:\/\/filtercontrolperu.com\/index.php\/wp-json\/wp\/v2\/users\/1"}],"replies":[{"embeddable":true,"href":"https:\/\/filtercontrolperu.com\/index.php\/wp-json\/wp\/v2\/comments?post=318"}],"version-history":[{"count":3,"href":"https:\/\/filtercontrolperu.com\/index.php\/wp-json\/wp\/v2\/pages\/318\/revisions"}],"predecessor-version":[{"id":329,"href":"https:\/\/filtercontrolperu.com\/index.php\/wp-json\/wp\/v2\/pages\/318\/revisions\/329"}],"wp:attachment":[{"href":"https:\/\/filtercontrolperu.com\/index.php\/wp-json\/wp\/v2\/media?parent=318"}],"curies":[{"name":"wp","href":"https:\/\/api.w.org\/{rel}","templated":true}]}}