{"id":489,"date":"2021-10-20T21:52:55","date_gmt":"2021-10-20T21:52:55","guid":{"rendered":"https:\/\/filtercontrolperu.com\/?page_id=489"},"modified":"2021-10-21T16:05:32","modified_gmt":"2021-10-21T16:05:32","slug":"filtros-hidraulicos","status":"publish","type":"page","link":"https:\/\/filtercontrolperu.com\/index.php\/filtros-hidraulicos\/","title":{"rendered":"Filtros Hidr\u00e1ulicos"},"content":{"rendered":"\n<div style=\"height:43px\" aria-hidden=\"true\" class=\"wp-block-spacer\"><\/div>\n\n\n\n<h3 class=\"wp-block-heading\"><strong>Elementos filtrantes para Aceites Hidr\u00e1ulicos<\/strong><\/h3>\n\n\n\n<div style=\"height:20px\" aria-hidden=\"true\" class=\"wp-block-spacer\"><\/div>\n\n\n\n<figure class=\"wp-block-image size-large is-resized\"><img loading=\"lazy\" decoding=\"async\" src=\"http:\/\/filtercontrolperu.com\/wp-content\/uploads\/2021\/10\/tt9021-series.jpg\" alt=\"This image has an empty alt attribute; its file name is baner-powerbreather.jpg\" class=\"wp-image-505\" width=\"1099\" height=\"522\" srcset=\"https:\/\/filtercontrolperu.com\/wp-content\/uploads\/2021\/10\/tt9021-series.jpg 894w, https:\/\/filtercontrolperu.com\/wp-content\/uploads\/2021\/10\/tt9021-series-300x143.jpg 300w, https:\/\/filtercontrolperu.com\/wp-content\/uploads\/2021\/10\/tt9021-series-768x365.jpg 768w\" sizes=\"(max-width: 1099px) 100vw, 1099px\" \/><\/figure>\n\n\n<div class=\"ezcol ezcol-two-third\">\n<h4>TT9021 SERIES<\/h4>\n<ul>\n<li>Los medios de micro vidrio de doble fase de TTI brindan un rendimiento de filtraci\u00f3n de excelencia exigido por aplicaciones criticas.<\/li>\n<li> La tecnolog\u00eda de doble fase proporciona eficiencias de Beta 1000 con una capa de prefiltro incorporada para prolongar la vida \u00fatil del filtro y reducir las perdidas de presi\u00f3n iniciales.<\/li>\n<\/ul>\n<\/div>\n\n\n\n<div style=\"height:46px\" aria-hidden=\"true\" class=\"wp-block-spacer\"><\/div>\n\n\n\n<div style=\"height:42px\" aria-hidden=\"true\" class=\"wp-block-spacer\"><\/div>\n\n\n\n<h3 class=\"wp-block-heading\">Carcasa Filtrante para aceite Hidr\u00e1ulico<\/h3>\n\n\n\n<div style=\"height:31px\" aria-hidden=\"true\" class=\"wp-block-spacer\"><\/div>\n\n\n\n<figure class=\"wp-block-image size-large is-resized\"><img loading=\"lazy\" decoding=\"async\" src=\"http:\/\/filtercontrolperu.com\/wp-content\/uploads\/2021\/10\/carcasa-hidraulico.jpg\" alt=\"\" class=\"wp-image-517\" width=\"1055\" height=\"501\" srcset=\"https:\/\/filtercontrolperu.com\/wp-content\/uploads\/2021\/10\/carcasa-hidraulico.jpg 894w, https:\/\/filtercontrolperu.com\/wp-content\/uploads\/2021\/10\/carcasa-hidraulico-300x143.jpg 300w, https:\/\/filtercontrolperu.com\/wp-content\/uploads\/2021\/10\/carcasa-hidraulico-768x365.jpg 768w\" sizes=\"(max-width: 1055px) 100vw, 1055px\" \/><\/figure>\n\n\n<div class=\"ezcol ezcol-two-third\">\n<h4>Power Breather<\/h4>\n<ul>\n<li>Power Guard, es manufacturado en Alemania y ensamblada en USA, disponible en bypass v\u00e1lvula, indicador visual<\/li>\n<li>Las carcasas TTI provee una versatilidad en flujos intermitentes o continuos, ofrecen un rango de flujo y presi\u00f3n compatible en linea, sistemas presurizados y l\u00edneas de filtraci\u00f3n.<\/li>\n<\/ul>\n<\/div>\n\n\n<div class=\"ezcol ezcol-one-third ezcol-last\">\n<h4><span class=\"\">Especificaciones<\/span><\/h4>\n<ul>\n<li>Presi\u00f3n de trabajo 450 PSI<\/li>\n<li>Indicador visual para cambio de elemento<\/li>\n<li>Automatic Bypass<\/li>\n<li>Simplex Aluminio<\/li>\n<\/ul>\n<\/div><div class=\"ezcol-divider\"><\/div>\n\n\n\n<div style=\"height:100px\" aria-hidden=\"true\" class=\"wp-block-spacer\"><\/div>\n\n\n\n<h3 class=\"wp-block-heading\">Filtros de venteo para Tanques Hidr\u00e1ulicos<\/h3>\n\n\n\n<div style=\"height:45px\" aria-hidden=\"true\" class=\"wp-block-spacer\"><\/div>\n\n\n\n<div class=\"wp-block-image\"><figure class=\"aligncenter size-large is-resized\"><img loading=\"lazy\" decoding=\"async\" src=\"http:\/\/filtercontrolperu.com\/wp-content\/uploads\/2021\/10\/baner-powerbreather.jpg\" alt=\"\" class=\"wp-image-496\" width=\"1007\" height=\"478\" srcset=\"https:\/\/filtercontrolperu.com\/wp-content\/uploads\/2021\/10\/baner-powerbreather.jpg 894w, https:\/\/filtercontrolperu.com\/wp-content\/uploads\/2021\/10\/baner-powerbreather-300x143.jpg 300w, https:\/\/filtercontrolperu.com\/wp-content\/uploads\/2021\/10\/baner-powerbreather-768x365.jpg 768w\" sizes=\"(max-width: 1007px) 100vw, 1007px\" \/><\/figure><\/div>\n\n\n<div class=\"ezcol ezcol-two-third\">\n<h4>Power Breather<\/h4>\n<ul>\n<li>Protege el equipo y lubricante del ingreso de particulas y humedad, extiende los ciclos de servicio y vida del equipo brindando menores costos de operacion.<\/li>\n<li>Cuando el aire contamina entra por la parte superior del respiradero, pasa por varias capas del medio filtrante previniendo que part\u00edculas solidas ingresen y causen da\u00f1os al equipo.<\/li>\n<li>El aire filtrado pasa a trav\u00e9s del gel de s\u00edlice reteniendo la humedad.<\/li>\n<li>Protege el equipo y lubricante del ingreso de particulas y humedad, extiende los ciclos de servicio y vida del equipo brindando menores costos de operacion.<\/li>\n<\/ul>\n<\/div>\n\n\n<div class=\"ezcol ezcol-one-third ezcol-last\">\n<h4><span class=\"\">Aplicaciones T\u00edpicas<\/span><\/h4>\n<ul>\n<li>Sustancias Hidr\u00e1ulicas<\/li>\n<li>Tanques de almacenamiento<\/li>\n<li>Tambores<\/li>\n<li>Transformadores<\/li>\n<li>Cajas de engranaje<\/li>\n<\/ul>\n<\/div><div class=\"ezcol-divider\"><\/div>\n\n\n\n<div class=\"wp-block-image\"><figure class=\"aligncenter\"><a href=\"https:\/\/www.toddtechinc.com\/wp-content\/uploads\/2020\/07\/2021-09-Power-Breathers-Brochure-sp.pdf\"><img loading=\"lazy\" decoding=\"async\" width=\"300\" height=\"95\" src=\"http:\/\/filtercontrolperu.com\/wp-content\/uploads\/2019\/03\/descarga-300x95.jpg\" alt=\"\" class=\"wp-image-276\" srcset=\"https:\/\/filtercontrolperu.com\/wp-content\/uploads\/2019\/03\/descarga-300x95.jpg 300w, https:\/\/filtercontrolperu.com\/wp-content\/uploads\/2019\/03\/descarga.jpg 399w\" sizes=\"(max-width: 300px) 100vw, 300px\" \/><\/a><\/figure><\/div>\n","protected":false},"excerpt":{"rendered":"<p>Elementos filtrantes para Aceites Hidr\u00e1ulicos Carcasa Filtrante para aceite Hidr\u00e1ulico Filtros de venteo para Tanques Hidr\u00e1ulicos<\/p>\n","protected":false},"author":1,"featured_media":0,"parent":0,"menu_order":0,"comment_status":"closed","ping_status":"closed","template":"","meta":{"footnotes":""},"_links":{"self":[{"href":"https:\/\/filtercontrolperu.com\/index.php\/wp-json\/wp\/v2\/pages\/489"}],"collection":[{"href":"https:\/\/filtercontrolperu.com\/index.php\/wp-json\/wp\/v2\/pages"}],"about":[{"href":"https:\/\/filtercontrolperu.com\/index.php\/wp-json\/wp\/v2\/types\/page"}],"author":[{"embeddable":true,"href":"https:\/\/filtercontrolperu.com\/index.php\/wp-json\/wp\/v2\/users\/1"}],"replies":[{"embeddable":true,"href":"https:\/\/filtercontrolperu.com\/index.php\/wp-json\/wp\/v2\/comments?post=489"}],"version-history":[{"count":15,"href":"https:\/\/filtercontrolperu.com\/index.php\/wp-json\/wp\/v2\/pages\/489\/revisions"}],"predecessor-version":[{"id":519,"href":"https:\/\/filtercontrolperu.com\/index.php\/wp-json\/wp\/v2\/pages\/489\/revisions\/519"}],"wp:attachment":[{"href":"https:\/\/filtercontrolperu.com\/index.php\/wp-json\/wp\/v2\/media?parent=489"}],"curies":[{"name":"wp","href":"https:\/\/api.w.org\/{rel}","templated":true}]}}