{"id":521,"date":"2021-10-21T16:35:00","date_gmt":"2021-10-21T16:35:00","guid":{"rendered":"https:\/\/filtercontrolperu.com\/?page_id=521"},"modified":"2021-10-21T16:35:00","modified_gmt":"2021-10-21T16:35:00","slug":"capsulas-filtrantes","status":"publish","type":"page","link":"https:\/\/filtercontrolperu.com\/index.php\/capsulas-filtrantes\/","title":{"rendered":"Capsulas Filtrantes"},"content":{"rendered":"\n<h3 class=\"wp-block-heading\">MS Pleated Capsule filter<\/h3>\n\n\n\n<div style=\"height:20px\" aria-hidden=\"true\" class=\"wp-block-spacer\"><\/div>\n\n\n\n<figure class=\"wp-block-image size-large is-resized\"><img loading=\"lazy\" decoding=\"async\" src=\"http:\/\/filtercontrolperu.com\/wp-content\/uploads\/2021\/10\/capsulas.jpg\" alt=\"\" class=\"wp-image-522\" width=\"1024\" height=\"539\" srcset=\"https:\/\/filtercontrolperu.com\/wp-content\/uploads\/2021\/10\/capsulas.jpg 800w, https:\/\/filtercontrolperu.com\/wp-content\/uploads\/2021\/10\/capsulas-300x158.jpg 300w, https:\/\/filtercontrolperu.com\/wp-content\/uploads\/2021\/10\/capsulas-768x405.jpg 768w\" sizes=\"(max-width: 1024px) 100vw, 1024px\" \/><\/figure>\n\n\n\n<div style=\"height:20px\" aria-hidden=\"true\" class=\"wp-block-spacer\"><\/div>\n\n\n<div class=\"ezcol ezcol-two-third\">\n<h4>MS Pleated Capsule filter<\/h4>\n<ul>\n<li>Los filtros de capsula est\u00e1n dise\u00f1ados para una filtraci\u00f3n segura en el laboratorio<\/li>\n<li>Para volumenes desde 2L &#8211; 100L en desarrollos de procesos, operaciones piloto y a escala.<\/li>\n<\/li>\n<p>De fabricacion si los requisitos de procesamiento no requieren un filtro grande.<\/li>\n<\/ul>\n<\/div>\n\n\n<div class=\"ezcol ezcol-one-third ezcol-last\">\n<h4><span class=\"\">Especificaciones<\/span><\/h4>\n<ul>\n<li>Eliminaci\u00f3n de part\u00edculas<\/li>\n<li>Filtraci\u00f3n est\u00e9ril<\/li>\n<li>Prueba de integridad<\/li>\n<li>Simplex Aluminio<\/li>\n<\/ul>\n<\/div><div class=\"ezcol-divider\"><\/div>\n","protected":false},"excerpt":{"rendered":"<p>MS Pleated Capsule filter<\/p>\n","protected":false},"author":1,"featured_media":0,"parent":0,"menu_order":0,"comment_status":"closed","ping_status":"closed","template":"","meta":{"footnotes":""},"_links":{"self":[{"href":"https:\/\/filtercontrolperu.com\/index.php\/wp-json\/wp\/v2\/pages\/521"}],"collection":[{"href":"https:\/\/filtercontrolperu.com\/index.php\/wp-json\/wp\/v2\/pages"}],"about":[{"href":"https:\/\/filtercontrolperu.com\/index.php\/wp-json\/wp\/v2\/types\/page"}],"author":[{"embeddable":true,"href":"https:\/\/filtercontrolperu.com\/index.php\/wp-json\/wp\/v2\/users\/1"}],"replies":[{"embeddable":true,"href":"https:\/\/filtercontrolperu.com\/index.php\/wp-json\/wp\/v2\/comments?post=521"}],"version-history":[{"count":2,"href":"https:\/\/filtercontrolperu.com\/index.php\/wp-json\/wp\/v2\/pages\/521\/revisions"}],"predecessor-version":[{"id":524,"href":"https:\/\/filtercontrolperu.com\/index.php\/wp-json\/wp\/v2\/pages\/521\/revisions\/524"}],"wp:attachment":[{"href":"https:\/\/filtercontrolperu.com\/index.php\/wp-json\/wp\/v2\/media?parent=521"}],"curies":[{"name":"wp","href":"https:\/\/api.w.org\/{rel}","templated":true}]}}