{"id":55,"date":"2018-12-20T01:58:33","date_gmt":"2018-12-20T01:58:33","guid":{"rendered":"https:\/\/filtercontrolperu.com\/?page_id=55"},"modified":"2020-07-09T23:48:15","modified_gmt":"2020-07-09T23:48:15","slug":"placas-filtrantes","status":"publish","type":"page","link":"https:\/\/filtercontrolperu.com\/index.php\/placas-filtrantes\/","title":{"rendered":"Placas Filtrantes"},"content":{"rendered":"<ul>\n<li>\n<h2>Placas Filtrantes<\/h2>\n<\/li>\n<\/ul>\n<p><img loading=\"lazy\" decoding=\"async\" class=\"alignnone wp-image-301 size-full\" src=\"http:\/\/filtercontrolperu.com\/wp-content\/uploads\/2019\/04\/PLACAS.png\" alt=\"\" width=\"894\" height=\"247\" srcset=\"https:\/\/filtercontrolperu.com\/wp-content\/uploads\/2019\/04\/PLACAS.png 894w, https:\/\/filtercontrolperu.com\/wp-content\/uploads\/2019\/04\/PLACAS-300x83.png 300w, https:\/\/filtercontrolperu.com\/wp-content\/uploads\/2019\/04\/PLACAS-768x212.png 768w\" sizes=\"(max-width: 894px) 100vw, 894px\" \/><\/p>\n<div class=\"ezcol ezcol-two-third\">\n<h4>Placas<\/h4>\n<ul>\n<li><span class=\"\">Las placas filtrantes en profundidad tienen una gran capacidad de retenci\u00f3n, separaci\u00f3n de s\u00f3lidos-l\u00edquidos<\/span><\/li>\n<li>Conformadas celulosas y diatomeas, se utilizan en diferentes industrias, bebidas, menologio, farmac\u00e9utica, qu\u00edmica, alimentos, etc.<\/li>\n<li>Con la finalidad de retener part\u00edculas, abrillantar y esterilizar productos.<\/li>\n<li>Diversos tipos de formatos, generalmente en 20&#215;20 cm, 40&#215;40 cm y diversos micrajes.<\/li>\n<\/ul>\n<\/div> <div class=\"ezcol ezcol-one-third ezcol-last\">\n<h4><span class=\"\">Aplicaciones T\u00edpicas<\/span><\/h4>\n<ul>\n<li>Filtraci\u00f3n de vinos y licores<\/li>\n<li>Cervezas<\/li>\n<li>Aceites (Oliva, palma, coco, etc)<\/li>\n<li>Qu\u00edmicos<\/li>\n<li>Productos Farmac\u00e9uticos<\/li>\n<li>Colonias<\/li>\n<\/ul>\n<\/div><div class=\"ezcol-divider\"><\/div><\/p>\n<h2><\/h2>\n","protected":false},"excerpt":{"rendered":"<p>Placas Filtrantes<\/p>\n","protected":false},"author":1,"featured_media":0,"parent":0,"menu_order":0,"comment_status":"closed","ping_status":"closed","template":"","meta":{"footnotes":""},"_links":{"self":[{"href":"https:\/\/filtercontrolperu.com\/index.php\/wp-json\/wp\/v2\/pages\/55"}],"collection":[{"href":"https:\/\/filtercontrolperu.com\/index.php\/wp-json\/wp\/v2\/pages"}],"about":[{"href":"https:\/\/filtercontrolperu.com\/index.php\/wp-json\/wp\/v2\/types\/page"}],"author":[{"embeddable":true,"href":"https:\/\/filtercontrolperu.com\/index.php\/wp-json\/wp\/v2\/users\/1"}],"replies":[{"embeddable":true,"href":"https:\/\/filtercontrolperu.com\/index.php\/wp-json\/wp\/v2\/comments?post=55"}],"version-history":[{"count":7,"href":"https:\/\/filtercontrolperu.com\/index.php\/wp-json\/wp\/v2\/pages\/55\/revisions"}],"predecessor-version":[{"id":461,"href":"https:\/\/filtercontrolperu.com\/index.php\/wp-json\/wp\/v2\/pages\/55\/revisions\/461"}],"wp:attachment":[{"href":"https:\/\/filtercontrolperu.com\/index.php\/wp-json\/wp\/v2\/media?parent=55"}],"curies":[{"name":"wp","href":"https:\/\/api.w.org\/{rel}","templated":true}]}}