{"id":77,"date":"2018-12-30T16:57:48","date_gmt":"2018-12-30T16:57:48","guid":{"rendered":"https:\/\/filtercontrolperu.com\/?page_id=77"},"modified":"2021-04-02T22:44:01","modified_gmt":"2021-04-02T22:44:01","slug":"cartuchos-filtrantes-para-industria-farmaceutica","status":"publish","type":"page","link":"https:\/\/filtercontrolperu.com\/index.php\/cartuchos-filtrantes-para-industria-farmaceutica\/","title":{"rendered":"Cartuchos Filtrantes para Industria Farmac\u00e9utica"},"content":{"rendered":"<p><img loading=\"lazy\" decoding=\"async\" class=\"alignnone wp-image-242\" src=\"http:\/\/filtercontrolperu.com\/wp-content\/uploads\/2019\/02\/fama-300x62.png\" alt=\"\" width=\"1417\" height=\"294\" srcset=\"https:\/\/filtercontrolperu.com\/wp-content\/uploads\/2019\/02\/fama-300x62.png 300w, https:\/\/filtercontrolperu.com\/wp-content\/uploads\/2019\/02\/fama-768x160.png 768w, https:\/\/filtercontrolperu.com\/wp-content\/uploads\/2019\/02\/fama-1024x213.png 1024w, https:\/\/filtercontrolperu.com\/wp-content\/uploads\/2019\/02\/fama.png 1255w\" sizes=\"(max-width: 1417px) 100vw, 1417px\" \/><\/p>\n<ul>\n<li>\n<h2>Cartucho Filtrante ZTEC B Graver Technologies &#8211; USA<\/h2>\n<\/li>\n<\/ul>\n<p><img loading=\"lazy\" decoding=\"async\" class=\"wp-image-125 aligncenter\" src=\"http:\/\/filtercontrolperu.com\/wp-content\/uploads\/2018\/12\/ztc-b-baner-300x78.png\" alt=\"\" width=\"792\" height=\"206\" srcset=\"https:\/\/filtercontrolperu.com\/wp-content\/uploads\/2018\/12\/ztc-b-baner-300x78.png 300w, https:\/\/filtercontrolperu.com\/wp-content\/uploads\/2018\/12\/ztc-b-baner-768x200.png 768w, https:\/\/filtercontrolperu.com\/wp-content\/uploads\/2018\/12\/ztc-b-baner-1024x266.png 1024w, https:\/\/filtercontrolperu.com\/wp-content\/uploads\/2018\/12\/ztc-b-baner.png 1054w\" sizes=\"(max-width: 792px) 100vw, 792px\" \/><\/p>\n<div class=\"ezcol ezcol-two-third\">\n<h4>ZTEC B<\/h4>\n<ul>\n<li>Reducci\u00f3n de carga biol\u00f3gica en productos farmac\u00e9uticos<\/li>\n<li>El cartucho de membrana proporciona un rendimiento altamente constante para la reducci\u00f3n de la carga biol\u00f3gica y la eliminaci\u00f3n de part\u00edculas en una amplia gama de bebidas de bebidas, productos farmac\u00e9uticos y fluidos biol\u00f3gicos<\/li>\n<li>Los filtros de membrana PES proporcionan velocidades de flujo excepcionales, larga vida \u00fatil, amplia compatibilidad qu\u00edmica.<\/li>\n<li>Tama\u00f1o de poro, lote y numero de serie impreso en cada filtro para su identificaci\u00f3n<\/li>\n<li>Disponible en 0.2, 0.45, 0.65 en 10&#8243; 20&#8243; 30&#8243;<\/li>\n<li>Conexion 222, 226 y DOE<\/li>\n<\/ul>\n<\/div> <div class=\"ezcol ezcol-one-third ezcol-last\">\n<h4><span class=\"\">Aplicaciones T\u00edpicas<\/span><\/h4>\n<ul>\n<li>Soluciones Oftalmol\u00f3gicas<\/li>\n<li>Reactivos qu\u00edmicos<\/li>\n<li>Jugos<\/li>\n<li>Agua embotellada<\/li>\n<\/ul>\n<\/div><div class=\"ezcol-divider\"><\/div><\/p>\n<p><a href=\"https:\/\/www.gravertech.com\/product-lines\/liquid-process-filters\/membrane-filters\/ztec-b-series\/ztec-series-b-data-sheet\/\"><img loading=\"lazy\" decoding=\"async\" class=\"aligncenter wp-image-276\" src=\"http:\/\/filtercontrolperu.com\/wp-content\/uploads\/2019\/03\/descarga-300x95.jpg\" alt=\"\" width=\"221\" height=\"70\" srcset=\"https:\/\/filtercontrolperu.com\/wp-content\/uploads\/2019\/03\/descarga-300x95.jpg 300w, https:\/\/filtercontrolperu.com\/wp-content\/uploads\/2019\/03\/descarga.jpg 399w\" sizes=\"(max-width: 221px) 100vw, 221px\" \/><\/a><\/p>\n<ul>\n<li>\n<h2>Cartucho Filtrante Stratum C Graver Technologies &#8211; USA<\/h2>\n<\/li>\n<\/ul>\n<p><img loading=\"lazy\" decoding=\"async\" class=\"wp-image-124 aligncenter\" src=\"http:\/\/filtercontrolperu.com\/wp-content\/uploads\/2018\/12\/stratum-baner-300x78.png\" alt=\"\" width=\"791\" height=\"206\" srcset=\"https:\/\/filtercontrolperu.com\/wp-content\/uploads\/2018\/12\/stratum-baner-300x78.png 300w, https:\/\/filtercontrolperu.com\/wp-content\/uploads\/2018\/12\/stratum-baner-768x200.png 768w, https:\/\/filtercontrolperu.com\/wp-content\/uploads\/2018\/12\/stratum-baner-1024x266.png 1024w, https:\/\/filtercontrolperu.com\/wp-content\/uploads\/2018\/12\/stratum-baner.png 1054w\" sizes=\"(max-width: 791px) 100vw, 791px\" \/><\/p>\n<div class=\"ezcol ezcol-two-third\">\n<h4>Stratum C<\/h4>\n<ul>\n<li><span class=\"\">Cartuchos filtrantes termofundidos de polypropileno\u00a0100% virgen, filtraci\u00f3n en profundidad (prefiltracion)<\/span><\/li>\n<li>Eficiente remoci\u00f3n al 90<span class=\"\">%\u00a0<\/span><\/li>\n<li>Desde 0.5 a 75 micras<\/li>\n<li>Cuentan con certificados de Calidad<\/li>\n<li>N\u00facleo resistente a alta temperaturas y presi\u00f3n.<\/li>\n<\/ul>\n<\/div> <div class=\"ezcol ezcol-one-third ezcol-last\">\n<h4><span class=\"\">Aplicaciones T\u00edpicas<\/span><\/h4>\n<ul>\n<li>Alimentos y bebidas<\/li>\n<li>Aguas<\/li>\n<li>Productos qu\u00edmicos<\/li>\n<li>Farmac\u00e9uticos fluidos<\/li>\n<li>Tintas<\/li>\n<\/ul>\n<\/div><div class=\"ezcol-divider\"><\/div><\/p>\n<h2><a href=\"https:\/\/www.gravertech.com\/product-lines\/liquid-process-filters\/depth-filters\/stratum-c-series-high-performance-melt-blown-filter-cartridges\/stratum-c-series-high-performance-melt-blown-filter-cartridges-data-sheet\/\"><img loading=\"lazy\" decoding=\"async\" class=\"aligncenter wp-image-276\" src=\"http:\/\/filtercontrolperu.com\/wp-content\/uploads\/2019\/03\/descarga-300x95.jpg\" alt=\"\" width=\"221\" height=\"70\" srcset=\"https:\/\/filtercontrolperu.com\/wp-content\/uploads\/2019\/03\/descarga-300x95.jpg 300w, https:\/\/filtercontrolperu.com\/wp-content\/uploads\/2019\/03\/descarga.jpg 399w\" sizes=\"(max-width: 221px) 100vw, 221px\" \/><\/a><\/h2>\n<ul>\n<li>\n<h2>Cartucho Filtrante PMA&#x2122; Series &#8211; Graver Technologies<\/h2>\n<\/li>\n<\/ul>\n<p><img loading=\"lazy\" decoding=\"async\" class=\"wp-image-125 aligncenter\" src=\"http:\/\/filtercontrolperu.com\/wp-content\/uploads\/2018\/12\/ztc-b-baner-300x78.png\" alt=\"\" width=\"792\" height=\"206\" srcset=\"https:\/\/filtercontrolperu.com\/wp-content\/uploads\/2018\/12\/ztc-b-baner-300x78.png 300w, https:\/\/filtercontrolperu.com\/wp-content\/uploads\/2018\/12\/ztc-b-baner-768x200.png 768w, https:\/\/filtercontrolperu.com\/wp-content\/uploads\/2018\/12\/ztc-b-baner-1024x266.png 1024w, https:\/\/filtercontrolperu.com\/wp-content\/uploads\/2018\/12\/ztc-b-baner.png 1054w\" sizes=\"(max-width: 792px) 100vw, 792px\" \/><\/p>\n<div class=\"ezcol ezcol-two-third\">\n<h4>PMA&#x2122; Series<\/h4>\n<ul>\n<li>Reducci\u00f3n de carga biol\u00f3gica en productos farmac\u00e9uticos<\/li>\n<li>El cartucho de membrana proporciona un rendimiento altamente constante para la reducci\u00f3n de la carga biol\u00f3gica y la eliminaci\u00f3n de part\u00edculas en una amplia gama de bebidas de bebidas, productos farmac\u00e9uticos y fluidos biol\u00f3gicos<\/li>\n<li>Los filtros de membrana PES proporcionan velocidades de flujo excepcionales, larga vida \u00fatil, amplia compatibilidad qu\u00edmica.<\/li>\n<li>Tama\u00f1o de poro, lote y numero de serie impreso en cada filtro para su identificaci\u00f3n<\/li>\n<li>Disponible en 0.2, 0.45, 0.65 en 10&#8243; 20&#8243; 30&#8243;<\/li>\n<li>Conexion 222, 226 y DOE<\/li>\n<\/ul>\n<\/div> <div class=\"ezcol ezcol-one-third ezcol-last\">\n<h4><span class=\"\">Aplicaciones T\u00edpicas<\/span><\/h4>\n<ul>\n<li>Soluciones Oftalmol\u00f3gicas<\/li>\n<li>Reactivos qu\u00edmicos<\/li>\n<li>Jugos<\/li>\n<li>Agua embotellada<\/li>\n<\/ul>\n<\/div><div class=\"ezcol-divider\"><\/div><\/p>\n<p><a href=\"https:\/\/www.gravertech.com\/product-lines\/liquid-process-filters\/membrane-filters\/ztec-b-series\/ztec-series-b-data-sheet\/\"><img loading=\"lazy\" decoding=\"async\" class=\"aligncenter wp-image-276\" src=\"http:\/\/filtercontrolperu.com\/wp-content\/uploads\/2019\/03\/descarga-300x95.jpg\" alt=\"\" width=\"221\" height=\"70\" srcset=\"https:\/\/filtercontrolperu.com\/wp-content\/uploads\/2019\/03\/descarga-300x95.jpg 300w, https:\/\/filtercontrolperu.com\/wp-content\/uploads\/2019\/03\/descarga.jpg 399w\" sizes=\"(max-width: 221px) 100vw, 221px\" \/><\/a><\/p>\n<ul>\n<li>\n<h2>Cartucho Filtrante QMA&#x2122; Series &#8211; Graver Technologies<\/h2>\n<\/li>\n<\/ul>\n<p><img loading=\"lazy\" decoding=\"async\" class=\"wp-image-125 aligncenter\" src=\"http:\/\/filtercontrolperu.com\/wp-content\/uploads\/2018\/12\/ztc-b-baner-300x78.png\" alt=\"\" width=\"792\" height=\"206\" srcset=\"https:\/\/filtercontrolperu.com\/wp-content\/uploads\/2018\/12\/ztc-b-baner-300x78.png 300w, https:\/\/filtercontrolperu.com\/wp-content\/uploads\/2018\/12\/ztc-b-baner-768x200.png 768w, https:\/\/filtercontrolperu.com\/wp-content\/uploads\/2018\/12\/ztc-b-baner-1024x266.png 1024w, https:\/\/filtercontrolperu.com\/wp-content\/uploads\/2018\/12\/ztc-b-baner.png 1054w\" sizes=\"(max-width: 792px) 100vw, 792px\" \/><\/p>\n<div class=\"ezcol ezcol-two-third\">\n<h4>QMA&#x2122; Series<\/h4>\n<ul>\n<li>Reducci\u00f3n de carga biol\u00f3gica en productos farmac\u00e9uticos<\/li>\n<li>El cartucho de membrana proporciona un rendimiento altamente constante para la reducci\u00f3n de la carga biol\u00f3gica y la eliminaci\u00f3n de part\u00edculas en una amplia gama de bebidas de bebidas, productos farmac\u00e9uticos y fluidos biol\u00f3gicos<\/li>\n<li>Los filtros de membrana PES proporcionan velocidades de flujo excepcionales, larga vida \u00fatil, amplia compatibilidad qu\u00edmica.<\/li>\n<li>Tama\u00f1o de poro, lote y numero de serie impreso en cada filtro para su identificaci\u00f3n<\/li>\n<li>Disponible en 0.2, 0.45, 0.65 en 10&#8243; 20&#8243; 30&#8243;<\/li>\n<li>Conexion 222, 226 y DOE<\/li>\n<\/ul>\n<\/div> <div class=\"ezcol ezcol-one-third ezcol-last\">\n<h4><span class=\"\">Aplicaciones T\u00edpicas<\/span><\/h4>\n<ul>\n<li>Soluciones Oftalmol\u00f3gicas<\/li>\n<li>Reactivos qu\u00edmicos<\/li>\n<li>Jugos<\/li>\n<li>Agua embotellada<\/li>\n<\/ul>\n<\/div><div class=\"ezcol-divider\"><\/div><\/p>\n<p><a href=\"https:\/\/www.gravertech.com\/product-lines\/liquid-process-filters\/membrane-filters\/ztec-b-series\/ztec-series-b-data-sheet\/\"><img loading=\"lazy\" decoding=\"async\" class=\"aligncenter wp-image-276\" src=\"http:\/\/filtercontrolperu.com\/wp-content\/uploads\/2019\/03\/descarga-300x95.jpg\" alt=\"\" width=\"221\" height=\"70\" srcset=\"https:\/\/filtercontrolperu.com\/wp-content\/uploads\/2019\/03\/descarga-300x95.jpg 300w, https:\/\/filtercontrolperu.com\/wp-content\/uploads\/2019\/03\/descarga.jpg 399w\" sizes=\"(max-width: 221px) 100vw, 221px\" \/><\/a><\/p>\n<ul>\n<li>\n<h2><\/h2>\n<\/li>\n<\/ul>\n","protected":false},"excerpt":{"rendered":"<p>Cartucho Filtrante ZTEC B Graver Technologies &#8211; USA Cartucho Filtrante Stratum C Graver Technologies &#8211; USA Cartucho Filtrante PMA&#x2122; Series &#8211; Graver Technologies Cartucho Filtrante QMA&#x2122; Series &#8211; Graver Technologies<\/p>\n","protected":false},"author":1,"featured_media":0,"parent":0,"menu_order":0,"comment_status":"closed","ping_status":"closed","template":"","meta":{"footnotes":""},"_links":{"self":[{"href":"https:\/\/filtercontrolperu.com\/index.php\/wp-json\/wp\/v2\/pages\/77"}],"collection":[{"href":"https:\/\/filtercontrolperu.com\/index.php\/wp-json\/wp\/v2\/pages"}],"about":[{"href":"https:\/\/filtercontrolperu.com\/index.php\/wp-json\/wp\/v2\/types\/page"}],"author":[{"embeddable":true,"href":"https:\/\/filtercontrolperu.com\/index.php\/wp-json\/wp\/v2\/users\/1"}],"replies":[{"embeddable":true,"href":"https:\/\/filtercontrolperu.com\/index.php\/wp-json\/wp\/v2\/comments?post=77"}],"version-history":[{"count":8,"href":"https:\/\/filtercontrolperu.com\/index.php\/wp-json\/wp\/v2\/pages\/77\/revisions"}],"predecessor-version":[{"id":477,"href":"https:\/\/filtercontrolperu.com\/index.php\/wp-json\/wp\/v2\/pages\/77\/revisions\/477"}],"wp:attachment":[{"href":"https:\/\/filtercontrolperu.com\/index.php\/wp-json\/wp\/v2\/media?parent=77"}],"curies":[{"name":"wp","href":"https:\/\/api.w.org\/{rel}","templated":true}]}}