{"id":83,"date":"2018-12-30T17:04:00","date_gmt":"2018-12-30T17:04:00","guid":{"rendered":"https:\/\/filtercontrolperu.com\/?page_id=83"},"modified":"2021-04-12T22:34:17","modified_gmt":"2021-04-12T22:34:17","slug":"carcasas-para-cartuchos-filtrantes","status":"publish","type":"page","link":"https:\/\/filtercontrolperu.com\/index.php\/carcasas-para-cartuchos-filtrantes\/","title":{"rendered":"Carcasas para Cartuchos Filtrantes"},"content":{"rendered":"<ul>\n<li>\n<h2>Carcasa Filtrante serie GHP Graver Technologies &#8211; USA<\/h2>\n<\/li>\n<\/ul>\n<h2><img loading=\"lazy\" decoding=\"async\" class=\"wp-image-147 aligncenter\" src=\"http:\/\/filtercontrolperu.com\/wp-content\/uploads\/2019\/01\/ghp-baner-300x83.png\" alt=\"\" width=\"810\" height=\"224\" srcset=\"https:\/\/filtercontrolperu.com\/wp-content\/uploads\/2019\/01\/ghp-baner-300x83.png 300w, https:\/\/filtercontrolperu.com\/wp-content\/uploads\/2019\/01\/ghp-baner-768x212.png 768w, https:\/\/filtercontrolperu.com\/wp-content\/uploads\/2019\/01\/ghp-baner.png 894w\" sizes=\"(max-width: 810px) 100vw, 810px\" \/><\/h2>\n<div class=\"ezcol ezcol-two-third\">\n<h4>Serie GHP<\/h4>\n<ul>\n<li><span class=\"\">Las carcasas para 1 hasta 36 elementos estan construidas de acero inoxidable 316L y dise\u00f1adas con tecnolog\u00eda 3A para aplicaciones de filtraci\u00f3n que requieren flujos de alta pureza<\/span><\/li>\n<li>Con n\u00facleo reforzado<\/li>\n<li>Superficie externa pulida mec\u00e1nicamente y la interna es lavada con \u00e1cido para un acabado uniforme y de f\u00e1cil limpieza<\/li>\n<li style=\"text-align: left;\">Disponibles desde 5&#8243;, 20&#8243;, 30&#8243;, y 40&#8243; con conexion DOE, 222 y 226<\/li>\n<\/ul>\n<\/div> <div class=\"ezcol ezcol-one-third ezcol-last\">\n<h4><span class=\"\">Aplicaciones T\u00edpicas<\/span><\/h4>\n<ul>\n<li>Agua<\/li>\n<li>Vino<\/li>\n<li>Cerveza<\/li>\n<li>Agua embotellada<\/li>\n<li>Qu\u00edmicos<\/li>\n<li>Vacunas<\/li>\n<\/ul>\n<\/div><div class=\"ezcol-divider\"><\/div><\/p>\n<ul>\n<li>\n<h2>Carcasa Filtrante serie SCG Graver Technologies &#8211; USA<\/h2>\n<\/li>\n<\/ul>\n<h2><img loading=\"lazy\" decoding=\"async\" class=\"wp-image-149 aligncenter\" src=\"http:\/\/filtercontrolperu.com\/wp-content\/uploads\/2019\/01\/gscbanerrrrrr-300x83.png\" alt=\"\" width=\"871\" height=\"241\" srcset=\"https:\/\/filtercontrolperu.com\/wp-content\/uploads\/2019\/01\/gscbanerrrrrr-300x83.png 300w, https:\/\/filtercontrolperu.com\/wp-content\/uploads\/2019\/01\/gscbanerrrrrr-768x212.png 768w, https:\/\/filtercontrolperu.com\/wp-content\/uploads\/2019\/01\/gscbanerrrrrr.png 894w\" sizes=\"(max-width: 871px) 100vw, 871px\" \/><\/h2>\n<div class=\"ezcol ezcol-two-third\">\n<h4>Serie GSC<\/h4>\n<ul>\n<li><span class=\"\">Carcasas construidas de acero inoxidable 316<\/span><\/li>\n<li>Cierre con Clamp para facilitar un cambio de cartucho r\u00e1pido y f\u00e1cil<\/li>\n<li>Para cartuchos con conexiones\u00a0DOE, 222 y 226<\/li>\n<li>Superficie externa pulida mec\u00e1nicamente y la interna es lavada con \u00e1cido para un acabado uniforme y de f\u00e1cil limpieza<\/li>\n<li style=\"text-align: left;\">Disponibles desde 10&#8243;, 20&#8243; y 30&#8243;<\/li>\n<\/ul>\n<\/div> <div class=\"ezcol ezcol-one-third ezcol-last\">\n<h4><span class=\"\">Aplicaciones T\u00edpicas<\/span><\/h4>\n<ul>\n<li>Agua<\/li>\n<li>Solventes<\/li>\n<li>Pinturas<\/li>\n<li>Fluidos Hidr\u00e1ulicos<\/li>\n<li>Petroqu\u00edmicos<\/li>\n<\/ul>\n<\/div><div class=\"ezcol-divider\"><\/div><\/p>\n<ul>\n<li>\n<h2>Carcasa Filtrante High Flow (Alto Flujo) Graver Technologies &#8211; USA<\/h2>\n<\/li>\n<\/ul>\n<h2><img loading=\"lazy\" decoding=\"async\" class=\"wp-image-160 aligncenter\" src=\"http:\/\/filtercontrolperu.com\/wp-content\/uploads\/2019\/01\/housing-high-flow-baner-copia-300x83.png\" alt=\"\" width=\"1110\" height=\"307\" srcset=\"https:\/\/filtercontrolperu.com\/wp-content\/uploads\/2019\/01\/housing-high-flow-baner-copia-300x83.png 300w, https:\/\/filtercontrolperu.com\/wp-content\/uploads\/2019\/01\/housing-high-flow-baner-copia-768x212.png 768w, https:\/\/filtercontrolperu.com\/wp-content\/uploads\/2019\/01\/housing-high-flow-baner-copia.png 894w\" sizes=\"(max-width: 1110px) 100vw, 1110px\" \/><\/h2>\n<div class=\"ezcol ezcol-two-third\">\n<h4>Serie High Flow<\/h4>\n<ul>\n<li><span class=\"\">Carcasas construidas de acero inoxidable 316 <\/span><\/li>\n<li><span class=\"\">Para uso de filtros de Alto Flujo<\/span><\/li>\n<li>Se ofrece de forma horizontal o vertical para cartuchos de 20&#8243;, 40&#8243; y 60&#8243;<\/li>\n<\/ul>\n<\/div> <div class=\"ezcol ezcol-one-third ezcol-last\">\n<h4><span class=\"\">Aplicaciones T\u00edpicas<\/span><\/h4>\n<ul>\n<li>Agua<\/li>\n<li>Desalinizacion<\/li>\n<li>Alimentos y bebidas<\/li>\n<li>Petroqu\u00edmicos<\/li>\n<li>Aceites<\/li>\n<\/ul>\n<\/div><div class=\"ezcol-divider\"><\/div><\/p>\n<ul>\n<li>\n<h2>Portafiltros de Polipropileno<\/h2>\n<\/li>\n<\/ul>\n<h2><img loading=\"lazy\" decoding=\"async\" class=\"size-medium wp-image-202 aligncenter\" src=\"http:\/\/filtercontrolperu.com\/wp-content\/uploads\/2019\/01\/Standard-Housing-Group-Hi-Res-200x300-200x300.jpg\" alt=\"\" width=\"200\" height=\"300\" \/><\/h2>\n<div class=\"ezcol ezcol-two-third\">\n<ul>\n<li><span class=\"\">La linea de portafiltros de polipropileno ofrece una soluci\u00f3n eficiente y econ\u00f3mica dise\u00f1ados para cartuchos filtrantes de 10&#8243; y 20&#8243; en 2.5&#8243; y 4.5&#8243; de di\u00e1metro<\/span><\/li>\n<\/ul>\n<\/div> <div class=\"ezcol ezcol-one-third ezcol-last\">\n<ul>\n<li>Usadas en diferentes aplicaciones como Prefiltracion de \u00d3smosis inversa y filtraci\u00f3n en generales<\/li>\n<\/ul>\n<\/div><div class=\"ezcol-divider\"><\/div><\/p>\n<ul>\n<li>\n<h2>Carcasa Filtrante para venteo de Tanque<\/h2>\n<\/li>\n<\/ul>\n<h2><img loading=\"lazy\" decoding=\"async\" class=\"wp-image-484 size-full aligncenter\" src=\"http:\/\/filtercontrolperu.com\/wp-content\/uploads\/2021\/04\/venteo-carcasa.png\" alt=\"\" width=\"894\" height=\"247\" srcset=\"https:\/\/filtercontrolperu.com\/wp-content\/uploads\/2021\/04\/venteo-carcasa.png 894w, https:\/\/filtercontrolperu.com\/wp-content\/uploads\/2021\/04\/venteo-carcasa-300x83.png 300w, https:\/\/filtercontrolperu.com\/wp-content\/uploads\/2021\/04\/venteo-carcasa-768x212.png 768w\" sizes=\"(max-width: 894px) 100vw, 894px\" \/><\/h2>\n<div class=\"ezcol ezcol-two-third\">\n<h4>Venteo<\/h4>\n<ul>\n<li>Dise\u00f1adas para la filtraci\u00f3n de aire y proteger el elemento filtrante en tanques de almacenamiento, fermentaci\u00f3n, etc.<\/li>\n<li><span class=\"\">Construidas de acero inoxidable 316 y 316L.<\/span><\/li>\n<li>Superficie externa pulida mec\u00e1nicamente y la interna es lavada con \u00e1cido para un acabado uniforme y de f\u00e1cil limpieza<\/li>\n<li style=\"text-align: left;\">Disponibles desde 5&#8243;, 20&#8243;, 30&#8243;, y 40&#8243; con conexion DOE, 222 y 226<\/li>\n<\/ul>\n<\/div> <div class=\"ezcol ezcol-one-third ezcol-last\">\n<h4><span class=\"\">Aplicaciones T\u00edpicas<\/span><\/h4>\n<ul>\n<li>Tanque de almacenamiento<\/li>\n<li>Tanque de decantacion<\/li>\n<li>Tanque de fermentaci\u00f3n<\/li>\n<\/ul>\n<\/div><div class=\"ezcol-divider\"><\/div><\/p>\n","protected":false},"excerpt":{"rendered":"<p>Carcasa Filtrante serie GHP Graver Technologies &#8211; USA Carcasa Filtrante serie SCG Graver Technologies &#8211; USA Carcasa Filtrante High Flow (Alto Flujo) Graver Technologies &#8211; USA Portafiltros de Polipropileno Carcasa Filtrante para venteo de Tanque<\/p>\n","protected":false},"author":1,"featured_media":0,"parent":0,"menu_order":0,"comment_status":"closed","ping_status":"closed","template":"","meta":{"footnotes":""},"_links":{"self":[{"href":"https:\/\/filtercontrolperu.com\/index.php\/wp-json\/wp\/v2\/pages\/83"}],"collection":[{"href":"https:\/\/filtercontrolperu.com\/index.php\/wp-json\/wp\/v2\/pages"}],"about":[{"href":"https:\/\/filtercontrolperu.com\/index.php\/wp-json\/wp\/v2\/types\/page"}],"author":[{"embeddable":true,"href":"https:\/\/filtercontrolperu.com\/index.php\/wp-json\/wp\/v2\/users\/1"}],"replies":[{"embeddable":true,"href":"https:\/\/filtercontrolperu.com\/index.php\/wp-json\/wp\/v2\/comments?post=83"}],"version-history":[{"count":12,"href":"https:\/\/filtercontrolperu.com\/index.php\/wp-json\/wp\/v2\/pages\/83\/revisions"}],"predecessor-version":[{"id":486,"href":"https:\/\/filtercontrolperu.com\/index.php\/wp-json\/wp\/v2\/pages\/83\/revisions\/486"}],"wp:attachment":[{"href":"https:\/\/filtercontrolperu.com\/index.php\/wp-json\/wp\/v2\/media?parent=83"}],"curies":[{"name":"wp","href":"https:\/\/api.w.org\/{rel}","templated":true}]}}