{"id":93,"date":"2018-12-30T19:16:17","date_gmt":"2018-12-30T19:16:17","guid":{"rendered":"https:\/\/filtercontrolperu.com\/?page_id=93"},"modified":"2023-04-05T21:23:16","modified_gmt":"2023-04-05T21:23:16","slug":"filtros-hepa","status":"publish","type":"page","link":"https:\/\/filtercontrolperu.com\/index.php\/filtros-hepa\/","title":{"rendered":"Filtros Hepa"},"content":{"rendered":"<ul>\n<li>\n<h2>Filtros HEPA<\/h2>\n<\/li>\n<\/ul>\n<p><img loading=\"lazy\" decoding=\"async\" class=\"wp-image-596 size-full aligncenter\" src=\"http:\/\/filtercontrolperu.com\/wp-content\/uploads\/2023\/04\/hepa.jpeg\" alt=\"\" width=\"550\" height=\"550\" srcset=\"https:\/\/filtercontrolperu.com\/wp-content\/uploads\/2023\/04\/hepa.jpeg 550w, https:\/\/filtercontrolperu.com\/wp-content\/uploads\/2023\/04\/hepa-300x300.jpeg 300w, https:\/\/filtercontrolperu.com\/wp-content\/uploads\/2023\/04\/hepa-150x150.jpeg 150w, https:\/\/filtercontrolperu.com\/wp-content\/uploads\/2023\/04\/hepa-250x250.jpeg 250w, https:\/\/filtercontrolperu.com\/wp-content\/uploads\/2023\/04\/hepa-174x174.jpeg 174w\" sizes=\"(max-width: 550px) 100vw, 550px\" \/><\/p>\n<div class=\"ezcol ezcol-two-third\">\n<h4>Filtros HEPA<\/h4>\n<ul>\n<li>El material del filtro es un papel de alta densidad hecho de fibra de vidrio ultrafina los separadores de aluminio o papel mantienen con precisi\u00f3n la distancia entre los platos<\/li>\n<li>El grosor del papel de aluminio es de 0,03 mm.<\/li>\n<li>La altura de la ondulaci\u00f3n es de 4 mm, lo que puede garantizar completamente el \u00e1rea del filtro<\/li>\n<\/ul>\n<\/div> <div class=\"ezcol ezcol-one-third ezcol-last\">\n<h4>Aplicaciones<\/h4>\n<ul>\n<li>Se encuentra ampliamente en muchos campos de aplicaci\u00f3n, como la electr\u00f3nica, la \u00f3ptica, los semiconductores, el tratamiento de superficies, el revestimiento, la fabricaci\u00f3n biol\u00f3gica de la industria qu\u00edmica, la industria hospitalaria y del autom\u00f3vil.<\/li>\n<\/ul>\n<\/div><div class=\"ezcol-divider\"><\/div><\/p>\n","protected":false},"excerpt":{"rendered":"<p>Filtros HEPA<\/p>\n","protected":false},"author":1,"featured_media":0,"parent":0,"menu_order":0,"comment_status":"closed","ping_status":"closed","template":"","meta":{"footnotes":""},"_links":{"self":[{"href":"https:\/\/filtercontrolperu.com\/index.php\/wp-json\/wp\/v2\/pages\/93"}],"collection":[{"href":"https:\/\/filtercontrolperu.com\/index.php\/wp-json\/wp\/v2\/pages"}],"about":[{"href":"https:\/\/filtercontrolperu.com\/index.php\/wp-json\/wp\/v2\/types\/page"}],"author":[{"embeddable":true,"href":"https:\/\/filtercontrolperu.com\/index.php\/wp-json\/wp\/v2\/users\/1"}],"replies":[{"embeddable":true,"href":"https:\/\/filtercontrolperu.com\/index.php\/wp-json\/wp\/v2\/comments?post=93"}],"version-history":[{"count":5,"href":"https:\/\/filtercontrolperu.com\/index.php\/wp-json\/wp\/v2\/pages\/93\/revisions"}],"predecessor-version":[{"id":607,"href":"https:\/\/filtercontrolperu.com\/index.php\/wp-json\/wp\/v2\/pages\/93\/revisions\/607"}],"wp:attachment":[{"href":"https:\/\/filtercontrolperu.com\/index.php\/wp-json\/wp\/v2\/media?parent=93"}],"curies":[{"name":"wp","href":"https:\/\/api.w.org\/{rel}","templated":true}]}}