{"id":97,"date":"2018-12-30T19:18:26","date_gmt":"2018-12-30T19:18:26","guid":{"rendered":"https:\/\/filtercontrolperu.com\/?page_id=97"},"modified":"2023-04-05T21:20:44","modified_gmt":"2023-04-05T21:20:44","slug":"pre-filtros-corrugados","status":"publish","type":"page","link":"https:\/\/filtercontrolperu.com\/index.php\/pre-filtros-corrugados\/","title":{"rendered":"Pre-Filtro Corrugado Marco Carton G4"},"content":{"rendered":"<ul>\n<li>\n<h2><strong>Pre-Filtro Corrugado Marco Carton G4<\/strong><\/h2>\n<\/li>\n<\/ul>\n<p><img loading=\"lazy\" decoding=\"async\" class=\"wp-image-598 size-full aligncenter\" src=\"http:\/\/filtercontrolperu.com\/wp-content\/uploads\/2023\/04\/corru.jpeg\" alt=\"\" width=\"400\" height=\"400\" srcset=\"https:\/\/filtercontrolperu.com\/wp-content\/uploads\/2023\/04\/corru.jpeg 400w, https:\/\/filtercontrolperu.com\/wp-content\/uploads\/2023\/04\/corru-300x300.jpeg 300w, https:\/\/filtercontrolperu.com\/wp-content\/uploads\/2023\/04\/corru-150x150.jpeg 150w, https:\/\/filtercontrolperu.com\/wp-content\/uploads\/2023\/04\/corru-250x250.jpeg 250w, https:\/\/filtercontrolperu.com\/wp-content\/uploads\/2023\/04\/corru-174x174.jpeg 174w\" sizes=\"(max-width: 400px) 100vw, 400px\" \/><\/p>\n<div class=\"ezcol ezcol-two-third\">\n<h4>Prefiltros<\/h4>\n<ul>\n<li>Alta capacidad de retenci\u00f3n de polvo y gran \u00e1rea de filtraci\u00f3n.<\/li>\n<li>Utilizado principalmente para el sistema de filtro de aire acondicionado, la prefiltraci\u00f3n prolonga la vida \u00fatil del filtro de eficiencia media y alta.<\/li>\n<li>El marco es de cart\u00f3n, el material del filtro es un filtro delgado de fibra qu\u00edmica no textil y est\u00e1 sostenido por una malla met\u00e1lica.<\/li>\n<li><span class=\"\">Fabricados de fibra 100% sint\u00e9tica plegados en zig zag. Retienen part\u00edculas gruesas, utilizadas en instalaciones y proceses industriales<\/span><\/li>\n<li>Gran resistencia mec\u00e1nica<\/li>\n<li>Diversas medidas 24&#8243;x24&#8243;x2&#8243;,\u00a020&#8243;x20&#8243;x2&#8243;, etc<\/li>\n<\/ul>\n<\/div> <div class=\"ezcol ezcol-one-third ezcol-last\">\n<h4>Aplicaciones<\/h4>\n<ul>\n<li>Adecuado para sistema de filtraci\u00f3n de aire acondicionado, sistema de ventilaci\u00f3n, prefiltraci\u00f3n de compresor de aire grande.<\/li>\n<\/ul>\n<\/div><div class=\"ezcol-divider\"><\/div><\/p>\n<h2><\/h2>\n","protected":false},"excerpt":{"rendered":"<p>Pre-Filtro Corrugado Marco Carton G4<\/p>\n","protected":false},"author":1,"featured_media":0,"parent":0,"menu_order":0,"comment_status":"closed","ping_status":"closed","template":"","meta":{"footnotes":""},"_links":{"self":[{"href":"https:\/\/filtercontrolperu.com\/index.php\/wp-json\/wp\/v2\/pages\/97"}],"collection":[{"href":"https:\/\/filtercontrolperu.com\/index.php\/wp-json\/wp\/v2\/pages"}],"about":[{"href":"https:\/\/filtercontrolperu.com\/index.php\/wp-json\/wp\/v2\/types\/page"}],"author":[{"embeddable":true,"href":"https:\/\/filtercontrolperu.com\/index.php\/wp-json\/wp\/v2\/users\/1"}],"replies":[{"embeddable":true,"href":"https:\/\/filtercontrolperu.com\/index.php\/wp-json\/wp\/v2\/comments?post=97"}],"version-history":[{"count":4,"href":"https:\/\/filtercontrolperu.com\/index.php\/wp-json\/wp\/v2\/pages\/97\/revisions"}],"predecessor-version":[{"id":604,"href":"https:\/\/filtercontrolperu.com\/index.php\/wp-json\/wp\/v2\/pages\/97\/revisions\/604"}],"wp:attachment":[{"href":"https:\/\/filtercontrolperu.com\/index.php\/wp-json\/wp\/v2\/media?parent=97"}],"curies":[{"name":"wp","href":"https:\/\/api.w.org\/{rel}","templated":true}]}}