{"id":99,"date":"2018-12-30T19:19:54","date_gmt":"2018-12-30T19:19:54","guid":{"rendered":"https:\/\/filtercontrolperu.com\/?page_id=99"},"modified":"2023-04-05T21:18:26","modified_gmt":"2023-04-05T21:18:26","slug":"mantas-filtrantes","status":"publish","type":"page","link":"https:\/\/filtercontrolperu.com\/index.php\/mantas-filtrantes\/","title":{"rendered":"Mantas Filtrantes"},"content":{"rendered":"<ul>\n<li>\n<h2>Manta Filtrante\u00a0 100% Polyester Azul \/ Blanco<\/h2>\n<\/li>\n<\/ul>\n<p><img loading=\"lazy\" decoding=\"async\" class=\"aligncenter wp-image-599 size-full\" src=\"http:\/\/filtercontrolperu.com\/wp-content\/uploads\/2023\/04\/manta-white.jpeg\" alt=\"\" width=\"750\" height=\"750\" srcset=\"https:\/\/filtercontrolperu.com\/wp-content\/uploads\/2023\/04\/manta-white.jpeg 750w, https:\/\/filtercontrolperu.com\/wp-content\/uploads\/2023\/04\/manta-white-300x300.jpeg 300w, https:\/\/filtercontrolperu.com\/wp-content\/uploads\/2023\/04\/manta-white-150x150.jpeg 150w, https:\/\/filtercontrolperu.com\/wp-content\/uploads\/2023\/04\/manta-white-250x250.jpeg 250w, https:\/\/filtercontrolperu.com\/wp-content\/uploads\/2023\/04\/manta-white-174x174.jpeg 174w\" sizes=\"(max-width: 750px) 100vw, 750px\" \/><\/p>\n<div class=\"ezcol ezcol-two-third\">\n<h4>Manta Filtrante<\/h4>\n<ul>\n<li><span class=\"\">Prefiltro para retenci\u00f3n de part\u00edculas gruesas<\/span><\/li>\n<li>Estructura multicapa<\/li>\n<li>Reutilizable despu\u00e9s de aspirar y limpiar<\/li>\n<li>Opci\u00f3n econ\u00f3mica con alta capacidad de retenci\u00f3n de polvo, baja resistencia y larga vida \u00fatil.<\/li>\n<\/ul>\n<\/div> <div class=\"ezcol ezcol-one-third ezcol-last\">\n<h4>Aplicaciones<\/h4>\n<ul>\n<li>Es adecuado para diversos fines industriales, como prevenci\u00f3n de la contaminaci\u00f3n, construcci\u00f3n p\u00fablica, aire acondicionado, protecci\u00f3n de tableros, electr\u00f3nica, productos farmac\u00e9uticos, procesamiento de alimentos, etc.<\/li>\n<li>Unidades de climatizadores<\/li>\n<li>Entrada de aire cabinas de pintura<\/li>\n<li>Tableros electr\u00f3nicos<\/li>\n<\/ul>\n<\/div><div class=\"ezcol-divider\"><\/div><\/p>\n\n\n<div style=\"height:100px\" aria-hidden=\"true\" class=\"wp-block-spacer\"><\/div>\n\n\n<ul>\n<li>\n<h2>Manta Filtrante&nbsp; 100% Polyester&nbsp;&nbsp; Blanca<\/h2>\n<\/li>\n<\/ul>\n<p><img loading=\"lazy\" decoding=\"async\" class=\"size-full wp-image-224 aligncenter\" src=\"http:\/\/filtercontrolperu.com\/wp-content\/uploads\/2019\/01\/olaaaaaaaaaaaaaaaaaa.png\" alt=\"\" width=\"222\" height=\"222\" srcset=\"https:\/\/filtercontrolperu.com\/wp-content\/uploads\/2019\/01\/olaaaaaaaaaaaaaaaaaa.png 222w, https:\/\/filtercontrolperu.com\/wp-content\/uploads\/2019\/01\/olaaaaaaaaaaaaaaaaaa-150x150.png 150w, https:\/\/filtercontrolperu.com\/wp-content\/uploads\/2019\/01\/olaaaaaaaaaaaaaaaaaa-174x174.png 174w\" sizes=\"(max-width: 222px) 100vw, 222px\" \/><\/p>\n<div class=\"ezcol ezcol-two-third\">\n<h4>Manta Filtrante<\/h4>\n<ul>\n<li>Dise\u00f1ado para filtraci\u00f3n preliminar para equipos de ventilaci\u00f3n general y sistema de control de aire.<\/li>\n<li>Fibras sint\u00e9ticas PTE resistentes a roturas.<\/li>\n<li>Opci\u00f3n econ\u00f3mica con alta capacidad de retenci\u00f3n de polvo, baja resistencia y larga vida \u00fatil.<\/li>\n<\/ul>\n<\/div> <div class=\"ezcol ezcol-one-third ezcol-last\">\n<h4>Aplicaciones<\/h4>\n<ul>\n<li>Es adecuado para diversos fines industriales, como prevenci\u00f3n de la contaminaci\u00f3n, construcci\u00f3n p\u00fablica, aire acondicionado, protecci\u00f3n de tableros, electr\u00f3nica, productos farmac\u00e9uticos, procesamiento de alimentos, etc.<\/li>\n<li>Unidades de climatizadores<\/li>\n<li>Entrada de aire cabinas de pintura<\/li>\n<li>Tableros electr\u00f3nicos<\/li>\n<\/ul>\n<\/div><div class=\"ezcol-divider\"><\/div><\/p>","protected":false},"excerpt":{"rendered":"<p>Manta Filtrante\u00a0 100% Polyester Azul \/ Blanco Manta Filtrante&nbsp; 100% Polyester&nbsp;&nbsp; Blanca<\/p>\n","protected":false},"author":1,"featured_media":0,"parent":0,"menu_order":0,"comment_status":"closed","ping_status":"closed","template":"","meta":{"footnotes":""},"_links":{"self":[{"href":"https:\/\/filtercontrolperu.com\/index.php\/wp-json\/wp\/v2\/pages\/99"}],"collection":[{"href":"https:\/\/filtercontrolperu.com\/index.php\/wp-json\/wp\/v2\/pages"}],"about":[{"href":"https:\/\/filtercontrolperu.com\/index.php\/wp-json\/wp\/v2\/types\/page"}],"author":[{"embeddable":true,"href":"https:\/\/filtercontrolperu.com\/index.php\/wp-json\/wp\/v2\/users\/1"}],"replies":[{"embeddable":true,"href":"https:\/\/filtercontrolperu.com\/index.php\/wp-json\/wp\/v2\/comments?post=99"}],"version-history":[{"count":9,"href":"https:\/\/filtercontrolperu.com\/index.php\/wp-json\/wp\/v2\/pages\/99\/revisions"}],"predecessor-version":[{"id":602,"href":"https:\/\/filtercontrolperu.com\/index.php\/wp-json\/wp\/v2\/pages\/99\/revisions\/602"}],"wp:attachment":[{"href":"https:\/\/filtercontrolperu.com\/index.php\/wp-json\/wp\/v2\/media?parent=99"}],"curies":[{"name":"wp","href":"https:\/\/api.w.org\/{rel}","templated":true}]}}